{"id":3620,"date":"2024-09-18T10:56:55","date_gmt":"2024-09-18T08:56:55","guid":{"rendered":"https:\/\/www.tshs.eu\/nuestras-marcas\/eyesfirst\/"},"modified":"2026-04-08T17:06:14","modified_gmt":"2026-04-08T15:06:14","slug":"eyesfirst","status":"publish","type":"page","link":"https:\/\/www.tshs.eu\/es\/nuestras-marcas\/eyesfirst\/","title":{"rendered":"Eyesfirst"},"content":{"rendered":"","protected":false},"excerpt":{"rendered":"","protected":false},"author":1,"featured_media":0,"parent":3523,"menu_order":0,"comment_status":"closed","ping_status":"closed","template":"","meta":{"_acf_changed":false,"inline_featured_image":false,"footnotes":""},"class_list":["post-3620","page","type-page","status-publish","hentry"],"acf":[],"yoast_head":"<!-- This site is optimized with the Yoast SEO plugin v26.5 - https:\/\/yoast.com\/wordpress\/plugins\/seo\/ -->\n<title>Aparatos de diagn\u00f3stico e instrumentos quir\u00fargicos para oftalm\u00f3logos \u2500 Trusetal<\/title>\n<meta name=\"description\" content=\"Instrumentos quir\u00fargicos y de diagn\u00f3stico de alta calidad para oftalmolog\u00eda. Descubra la tienda en l\u00ednea de TRUSETAL para cl\u00ednicas y oftalm\u00f3logos.\" \/>\n<meta name=\"robots\" content=\"index, follow, max-snippet:-1, max-image-preview:large, max-video-preview:-1\" \/>\n<link rel=\"canonical\" href=\"https:\/\/www.tshs.eu\/es\/nuestras-marcas\/eyesfirst\/\" \/>\n<meta property=\"og:locale\" content=\"es_ES\" \/>\n<meta property=\"og:type\" content=\"article\" \/>\n<meta property=\"og:title\" content=\"Aparatos de diagn\u00f3stico e instrumentos quir\u00fargicos para oftalm\u00f3logos \u2500 Trusetal\" \/>\n<meta property=\"og:description\" content=\"Instrumentos quir\u00fargicos y de diagn\u00f3stico de alta calidad para oftalmolog\u00eda. Descubra la tienda en l\u00ednea de TRUSETAL para cl\u00ednicas y oftalm\u00f3logos.\" \/>\n<meta property=\"og:url\" content=\"https:\/\/www.tshs.eu\/es\/nuestras-marcas\/eyesfirst\/\" \/>\n<meta property=\"og:site_name\" content=\"Trusetal Verbandstoffwerk GmbH\" \/>\n<meta property=\"article:modified_time\" content=\"2026-04-08T15:06:14+00:00\" \/>\n<meta name=\"twitter:card\" content=\"summary_large_image\" \/>\n<script type=\"application\/ld+json\" class=\"yoast-schema-graph\">{\"@context\":\"https:\/\/schema.org\",\"@graph\":[{\"@type\":\"WebPage\",\"@id\":\"https:\/\/www.tshs.eu\/es\/nuestras-marcas\/eyesfirst\/\",\"url\":\"https:\/\/www.tshs.eu\/es\/nuestras-marcas\/eyesfirst\/\",\"name\":\"Aparatos de diagn\u00f3stico e instrumentos quir\u00fargicos para oftalm\u00f3logos \u2500 Trusetal\",\"isPartOf\":{\"@id\":\"https:\/\/www.tshs.eu\/#website\"},\"datePublished\":\"2024-09-18T08:56:55+00:00\",\"dateModified\":\"2026-04-08T15:06:14+00:00\",\"description\":\"Instrumentos quir\u00fargicos y de diagn\u00f3stico de alta calidad para oftalmolog\u00eda. Descubra la tienda en l\u00ednea de TRUSETAL para cl\u00ednicas y oftalm\u00f3logos.\",\"breadcrumb\":{\"@id\":\"https:\/\/www.tshs.eu\/es\/nuestras-marcas\/eyesfirst\/#breadcrumb\"},\"inLanguage\":\"es\",\"potentialAction\":[{\"@type\":\"ReadAction\",\"target\":[\"https:\/\/www.tshs.eu\/es\/nuestras-marcas\/eyesfirst\/\"]}]},{\"@type\":\"BreadcrumbList\",\"@id\":\"https:\/\/www.tshs.eu\/es\/nuestras-marcas\/eyesfirst\/#breadcrumb\",\"itemListElement\":[{\"@type\":\"ListItem\",\"position\":1,\"name\":\"Startseite\",\"item\":\"https:\/\/www.tshs.eu\/\"},{\"@type\":\"ListItem\",\"position\":2,\"name\":\"Nuestras marcas\",\"item\":\"https:\/\/www.tshs.eu\/unsere-marken\/\"},{\"@type\":\"ListItem\",\"position\":3,\"name\":\"Eyesfirst\"}]},{\"@type\":\"WebSite\",\"@id\":\"https:\/\/www.tshs.eu\/#website\",\"url\":\"https:\/\/www.tshs.eu\/\",\"name\":\"Trusetal Verbandstoffwerk GmbH\",\"description\":\"\",\"potentialAction\":[{\"@type\":\"SearchAction\",\"target\":{\"@type\":\"EntryPoint\",\"urlTemplate\":\"https:\/\/www.tshs.eu\/?s={search_term_string}\"},\"query-input\":{\"@type\":\"PropertyValueSpecification\",\"valueRequired\":true,\"valueName\":\"search_term_string\"}}],\"inLanguage\":\"es\"}]}<\/script>\n<!-- \/ Yoast SEO plugin. -->","yoast_head_json":{"title":"Aparatos de diagn\u00f3stico e instrumentos quir\u00fargicos para oftalm\u00f3logos \u2500 Trusetal","description":"Instrumentos quir\u00fargicos y de diagn\u00f3stico de alta calidad para oftalmolog\u00eda. Descubra la tienda en l\u00ednea de TRUSETAL para cl\u00ednicas y oftalm\u00f3logos.","robots":{"index":"index","follow":"follow","max-snippet":"max-snippet:-1","max-image-preview":"max-image-preview:large","max-video-preview":"max-video-preview:-1"},"canonical":"https:\/\/www.tshs.eu\/es\/nuestras-marcas\/eyesfirst\/","og_locale":"es_ES","og_type":"article","og_title":"Aparatos de diagn\u00f3stico e instrumentos quir\u00fargicos para oftalm\u00f3logos \u2500 Trusetal","og_description":"Instrumentos quir\u00fargicos y de diagn\u00f3stico de alta calidad para oftalmolog\u00eda. Descubra la tienda en l\u00ednea de TRUSETAL para cl\u00ednicas y oftalm\u00f3logos.","og_url":"https:\/\/www.tshs.eu\/es\/nuestras-marcas\/eyesfirst\/","og_site_name":"Trusetal Verbandstoffwerk GmbH","article_modified_time":"2026-04-08T15:06:14+00:00","twitter_card":"summary_large_image","schema":{"@context":"https:\/\/schema.org","@graph":[{"@type":"WebPage","@id":"https:\/\/www.tshs.eu\/es\/nuestras-marcas\/eyesfirst\/","url":"https:\/\/www.tshs.eu\/es\/nuestras-marcas\/eyesfirst\/","name":"Aparatos de diagn\u00f3stico e instrumentos quir\u00fargicos para oftalm\u00f3logos \u2500 Trusetal","isPartOf":{"@id":"https:\/\/www.tshs.eu\/#website"},"datePublished":"2024-09-18T08:56:55+00:00","dateModified":"2026-04-08T15:06:14+00:00","description":"Instrumentos quir\u00fargicos y de diagn\u00f3stico de alta calidad para oftalmolog\u00eda. Descubra la tienda en l\u00ednea de TRUSETAL para cl\u00ednicas y oftalm\u00f3logos.","breadcrumb":{"@id":"https:\/\/www.tshs.eu\/es\/nuestras-marcas\/eyesfirst\/#breadcrumb"},"inLanguage":"es","potentialAction":[{"@type":"ReadAction","target":["https:\/\/www.tshs.eu\/es\/nuestras-marcas\/eyesfirst\/"]}]},{"@type":"BreadcrumbList","@id":"https:\/\/www.tshs.eu\/es\/nuestras-marcas\/eyesfirst\/#breadcrumb","itemListElement":[{"@type":"ListItem","position":1,"name":"Startseite","item":"https:\/\/www.tshs.eu\/"},{"@type":"ListItem","position":2,"name":"Nuestras marcas","item":"https:\/\/www.tshs.eu\/unsere-marken\/"},{"@type":"ListItem","position":3,"name":"Eyesfirst"}]},{"@type":"WebSite","@id":"https:\/\/www.tshs.eu\/#website","url":"https:\/\/www.tshs.eu\/","name":"Trusetal Verbandstoffwerk GmbH","description":"","potentialAction":[{"@type":"SearchAction","target":{"@type":"EntryPoint","urlTemplate":"https:\/\/www.tshs.eu\/?s={search_term_string}"},"query-input":{"@type":"PropertyValueSpecification","valueRequired":true,"valueName":"search_term_string"}}],"inLanguage":"es"}]}},"_links":{"self":[{"href":"https:\/\/www.tshs.eu\/es\/wp-json\/wp\/v2\/pages\/3620","targetHints":{"allow":["GET"]}}],"collection":[{"href":"https:\/\/www.tshs.eu\/es\/wp-json\/wp\/v2\/pages"}],"about":[{"href":"https:\/\/www.tshs.eu\/es\/wp-json\/wp\/v2\/types\/page"}],"author":[{"embeddable":true,"href":"https:\/\/www.tshs.eu\/es\/wp-json\/wp\/v2\/users\/1"}],"replies":[{"embeddable":true,"href":"https:\/\/www.tshs.eu\/es\/wp-json\/wp\/v2\/comments?post=3620"}],"version-history":[{"count":3,"href":"https:\/\/www.tshs.eu\/es\/wp-json\/wp\/v2\/pages\/3620\/revisions"}],"predecessor-version":[{"id":4951,"href":"https:\/\/www.tshs.eu\/es\/wp-json\/wp\/v2\/pages\/3620\/revisions\/4951"}],"up":[{"embeddable":true,"href":"https:\/\/www.tshs.eu\/es\/wp-json\/wp\/v2\/pages\/3523"}],"wp:attachment":[{"href":"https:\/\/www.tshs.eu\/es\/wp-json\/wp\/v2\/media?parent=3620"}],"curies":[{"name":"wp","href":"https:\/\/api.w.org\/{rel}","templated":true}]}}